{"id":107,"date":"2022-09-08T16:31:32","date_gmt":"2022-09-08T21:31:32","guid":{"rendered":"https:\/\/anadelinasalamanca.com\/?page_id=107"},"modified":"2024-09-19T16:28:58","modified_gmt":"2024-09-19T21:28:58","slug":"inicio","status":"publish","type":"page","link":"https:\/\/anadelinasalamanca.com\/","title":{"rendered":"inicio"},"content":{"rendered":"<p>[et_pb_section fb_built=&#8221;1&#8243; custom_padding_last_edited=&#8221;off|desktop&#8221; admin_label=&#8221;Header&#8221; _builder_version=&#8221;4.27.0&#8243; background_color_gradient_direction=&#8221;188deg&#8221; background_image=&#8221;https:\/\/anadelinasalamanca.com\/wp-content\/uploads\/2022\/09\/art-gallery-55.jpg&#8221; background_size=&#8221;initial&#8221; background_repeat=&#8221;repeat&#8221; width=&#8221;100%&#8221; custom_margin=&#8221;|0px||11px||&#8221; custom_padding=&#8221;21px||21px|||&#8221; custom_padding_tablet=&#8221;5vw||5vw||true&#8221; global_colors_info=&#8221;{}&#8221;][et_pb_row _builder_version=&#8221;4.27.0&#8243; _module_preset=&#8221;default&#8221; hover_enabled=&#8221;0&#8243; sticky_enabled=&#8221;0&#8243; animation_style=&#8221;zoom&#8221;][et_pb_column _builder_version=&#8221;4.27.0&#8243; _module_preset=&#8221;default&#8221; type=&#8221;4_4&#8243;][et_pb_heading title=&#8221;Anadelina Salamanca&#8221; _builder_version=&#8221;4.27.0&#8243; _module_preset=&#8221;default&#8221; hover_enabled=&#8221;0&#8243; sticky_enabled=&#8221;0&#8243; title_font=&#8221;Playfair Display|500|||||||&#8221; title_font_size=&#8221;41px&#8221;][\/et_pb_heading][et_pb_image src=&#8221;https:\/\/anadelinasalamanca.com\/wp-content\/uploads\/2022\/09\/ASBX-1.jpg&#8221; title_text=&#8221;ASBX&#8221; _builder_version=&#8221;4.27.0&#8243; _module_preset=&#8221;default&#8221; hover_enabled=&#8221;0&#8243; global_colors_info=&#8221;{}&#8221; custom_margin=&#8221;||2px|0px||&#8221; sticky_enabled=&#8221;0&#8243; theme_builder_area=&#8221;post_content&#8221; custom_padding=&#8221;|9px||13px||&#8221; align_last_edited=&#8221;on|desktop&#8221; transform_scale=&#8221;119%|119%&#8221;][\/et_pb_image][\/et_pb_column][\/et_pb_row][et_pb_row custom_padding_last_edited=&#8221;off|phone&#8221; _builder_version=&#8221;4.27.0&#8243; background_position=&#8221;bottom_center&#8221; width=&#8221;98%&#8221; custom_padding_tablet=&#8221;17vw||17vw||false&#8221; hover_enabled=&#8221;0&#8243; use_custom_width=&#8221;on&#8221; width_unit=&#8221;off&#8221; custom_width_percent=&#8221;100%&#8221; locked=&#8221;off&#8221; global_colors_info=&#8221;{}&#8221; custom_margin=&#8221;|-35px||38px||&#8221; sticky_enabled=&#8221;0&#8243; custom_padding=&#8221;||0px|||&#8221;][et_pb_column type=&#8221;4_4&#8243; _builder_version=&#8221;4.16&#8243; custom_padding=&#8221;|||&#8221; global_colors_info=&#8221;{}&#8221; custom_padding__hover=&#8221;|||&#8221;][et_pb_text _builder_version=&#8221;4.27.0&#8243; text_font=&#8221;||||||||&#8221; header_font=&#8221;||||||||&#8221; header_2_font=&#8221;Prata|500|||||||&#8221; header_2_text_align=&#8221;left&#8221; header_2_font_size=&#8221;56px&#8221; header_2_line_height=&#8221;1.3em&#8221; header_4_font=&#8221;|700|||||||&#8221; header_4_font_size=&#8221;16px&#8221; header_4_line_height=&#8221;1.2em&#8221; transform_translate_linked=&#8221;off&#8221; max_width=&#8221;725px&#8221; max_width_tablet=&#8221;70%&#8221; max_width_last_edited=&#8221;off|phone&#8221; hover_enabled=&#8221;0&#8243; header_2_font_size_tablet=&#8221;40px&#8221; header_2_font_size_phone=&#8221;26px&#8221; header_2_font_size_last_edited=&#8221;on|desktop&#8221; global_colors_info=&#8221;{}&#8221; custom_margin=&#8221;|||-36px||&#8221; sticky_enabled=&#8221;0&#8243;]<\/p>\n<p style=\"text-align: justify;\">Desde que tengo memoria, siempre he sentido una profunda fascinaci\u00f3n por la belleza del cuerpo humano, en especial por el desnudo. Mi arte es una exploraci\u00f3n \u00edntima de esa belleza, una b\u00fasqueda constante de la manera en que la sensualidad y la forma f\u00edsica se entrelazan para crear una obra que va m\u00e1s all\u00e1 de lo visual: un lenguaje que comunica emociones, deseos y vulnerabilidades.<o:p><\/o:p><\/p>\n<p style=\"text-align: justify;\">Mi medio principal es el \u00f3leo sobre lienzo. Es una t\u00e9cnica que me permite trabajar con capas de color, luces y sombras, otorgando una profundidad a mis piezas que refleja la complejidad del cuerpo humano. El \u00f3leo tiene una calidad sensual que me fascina: su fluidez, su capacidad de mezclar colores y crear transiciones suaves entre las formas, es la herramienta perfecta para expresar el erotismo en su forma m\u00e1s sutil y elegante.<o:p><\/o:p><\/p>\n<p style=\"text-align: justify;\">Siempre he cre\u00eddo que el cuerpo desnudo es la m\u00e1xima expresi\u00f3n de la verdad. En cada obra, intento plasmar esa verdad desde una perspectiva que honre la naturalidad y la autenticidad del ser humano, evitando caer en lo vulgar. Para m\u00ed, el arte er\u00f3tico no es simplemente la representaci\u00f3n del deseo sexual, sino una ventana a la esencia misma de lo que somos: seres complejos, llenos de vida, pasi\u00f3n y emoci\u00f3n.<o:p><\/o:p><\/p>\n<p style=\"text-align: justify;\">A trav\u00e9s de mi trabajo, busco desafiar las convenciones y estereotipos que rodean al arte er\u00f3tico. Mi inter\u00e9s no est\u00e1 en la mera objetivaci\u00f3n del cuerpo, sino en su celebraci\u00f3n. El desnudo, en mi obra, es una afirmaci\u00f3n de la libertad, un acto de reivindicaci\u00f3n del cuerpo como territorio de placer, de autoconocimiento y de belleza pura. Me resulta fascinante c\u00f3mo una pose, una mirada, o incluso una simple curva del cuerpo, puede transmitir tanto significado y evocar sentimientos tan profundos.<o:p><\/o:p><\/p>\n<p style=\"text-align: justify;\">Pintar para m\u00ed es un acto de conexi\u00f3n profunda conmigo misma y con quienes observan mi obra. A trav\u00e9s del \u00f3leo y el desnudo, intento plasmar la belleza de lo humano en su estado m\u00e1s puro y honesto. Mi arte no es solo una representaci\u00f3n del cuerpo, sino una reflexi\u00f3n sobre la experiencia de estar vivos, sentir, amar y desear. Cada pincelada es una invitaci\u00f3n a explorar esos rincones de la humanidad que a veces dejamos ocultos, pero que en el arte encuentran su expresi\u00f3n m\u00e1s aut\u00e9ntica.<o:p><\/o:p><\/p>\n<p>[\/et_pb_text][\/et_pb_column][\/et_pb_row][\/et_pb_section][et_pb_section fb_built=&#8221;1&#8243; theme_builder_area=&#8221;post_content&#8221; _builder_version=&#8221;4.27.0&#8243; _module_preset=&#8221;default&#8221; custom_padding=&#8221;4px|||||&#8221;][et_pb_row _builder_version=&#8221;4.18.0&#8243; _module_preset=&#8221;default&#8221; custom_padding=&#8221;||13px|||&#8221; global_colors_info=&#8221;{}&#8221; theme_builder_area=&#8221;post_content&#8221;][et_pb_column type=&#8221;4_4&#8243; _builder_version=&#8221;4.18.0&#8243; _module_preset=&#8221;default&#8221; global_colors_info=&#8221;{}&#8221; theme_builder_area=&#8221;post_content&#8221;][et_pb_text _builder_version=&#8221;4.18.0&#8243; text_font=&#8221;||||||||&#8221; header_font=&#8221;||||||||&#8221; header_2_font=&#8221;Prata|500|||||||&#8221; header_2_font_size=&#8221;56px&#8221; header_2_line_height=&#8221;1.3em&#8221; header_3_font=&#8221;|700||on|||||&#8221; header_3_text_color=&#8221;rgba(0,0,0,0.35)&#8221; header_3_font_size=&#8221;12px&#8221; header_3_letter_spacing=&#8221;5px&#8221; header_3_line_height=&#8221;2em&#8221; transform_translate_linked=&#8221;off&#8221; text_orientation=&#8221;center&#8221; max_width=&#8221;700px&#8221; max_width_tablet=&#8221;70%&#8221; max_width_last_edited=&#8221;off|phone&#8221; module_alignment=&#8221;center&#8221; header_2_font_size_tablet=&#8221;40px&#8221; header_2_font_size_phone=&#8221;26px&#8221; header_2_font_size_last_edited=&#8221;on|phone&#8221; header_3_font_size_phone=&#8221;10px&#8221; header_3_font_size_last_edited=&#8221;off|desktop&#8221; module_alignment_last_edited=&#8221;off|desktop&#8221; text_text_align=&#8221;center&#8221; global_colors_info=&#8221;{}&#8221; theme_builder_area=&#8221;post_content&#8221;]<\/p>\n<h3><\/h3>\n<h2>Pr\u00f3xima Exposici\u00f3n<\/h2>\n<p>[\/et_pb_text][et_pb_image src=&#8221;https:\/\/anadelinasalamanca.com\/wp-content\/uploads\/2024\/09\/WhatsApp-Image-2024-09-16-at-1.10.00-PM.jpeg&#8221; title_text=&#8221;WhatsApp Image 2024-09-16 at 1.10.00 PM&#8221; align=&#8221;center&#8221; _builder_version=&#8221;4.27.0&#8243; _module_preset=&#8221;default&#8221; hover_enabled=&#8221;0&#8243; global_colors_info=&#8221;{}&#8221; sticky_enabled=&#8221;0&#8243; custom_margin=&#8221;||13px|||&#8221; theme_builder_area=&#8221;post_content&#8221;][\/et_pb_image][et_pb_text _builder_version=&#8221;4.27.0&#8243; _module_preset=&#8221;default&#8221; hover_enabled=&#8221;0&#8243; global_colors_info=&#8221;{}&#8221; sticky_enabled=&#8221;0&#8243; theme_builder_area=&#8221;post_content&#8221;]<\/p>\n<h5 style=\"text-align: center;\">GEBA ART GALLERY<\/h5>\n<p style=\"text-align: center;\">Cra 15 #82-35 Bogot\u00e1<\/p>\n<p style=\"text-align: center;\">Jueves 19 de septiembre\u00a0 7:00pm<\/p>\n<p style=\"text-align: center;\">\n[\/et_pb_text][\/et_pb_column][\/et_pb_row][et_pb_row _builder_version=&#8221;4.27.0&#8243; _module_preset=&#8221;default&#8221; theme_builder_area=&#8221;post_content&#8221; hover_enabled=&#8221;0&#8243; sticky_enabled=&#8221;0&#8243; custom_margin=&#8221;-31px|auto||auto||&#8221;][et_pb_column _builder_version=&#8221;4.27.0&#8243; _module_preset=&#8221;default&#8221; theme_builder_area=&#8221;post_content&#8221; type=&#8221;4_4&#8243;][et_pb_text _builder_version=&#8221;4.16&#8243; text_font=&#8221;||||||||&#8221; header_font=&#8221;||||||||&#8221; header_2_font=&#8221;Prata|500|||||||&#8221; header_2_font_size=&#8221;56px&#8221; header_2_line_height=&#8221;1.3em&#8221; header_3_font=&#8221;|700||on|||||&#8221; header_3_text_color=&#8221;rgba(0,0,0,0.35)&#8221; header_3_font_size=&#8221;12px&#8221; header_3_letter_spacing=&#8221;5px&#8221; header_3_line_height=&#8221;2em&#8221; transform_translate_linked=&#8221;off&#8221; text_orientation=&#8221;center&#8221; max_width=&#8221;700px&#8221; max_width_tablet=&#8221;70%&#8221; max_width_last_edited=&#8221;off|phone&#8221; module_alignment=&#8221;center&#8221; header_2_font_size_tablet=&#8221;40px&#8221; header_2_font_size_phone=&#8221;26px&#8221; header_2_font_size_last_edited=&#8221;on|phone&#8221; header_3_font_size_phone=&#8221;10px&#8221; header_3_font_size_last_edited=&#8221;off|desktop&#8221; module_alignment_last_edited=&#8221;off|desktop&#8221; text_text_align=&#8221;center&#8221; global_colors_info=&#8221;{}&#8221; theme_builder_area=&#8221;post_content&#8221;]<\/p>\n<h3>obras<\/h3>\n<h2>Obras Expuestas<\/h2>\n<p>[\/et_pb_text][et_pb_image src=&#8221;https:\/\/anadelinasalamanca.com\/wp-content\/uploads\/2024\/09\/WhatsApp-Image-2024-09-19-at-3.18.38-PM.jpeg&#8221; _builder_version=&#8221;4.27.0&#8243; _module_preset=&#8221;default&#8221; title_text=&#8221;WhatsApp Image 2024-09-19 at 3.18.38 PM&#8221; hover_enabled=&#8221;0&#8243; sticky_enabled=&#8221;0&#8243; custom_margin=&#8221;-26px|-155px||||&#8221; min_height=&#8221;426.1px&#8221; custom_padding=&#8221;22px|153px|0px|16px||&#8221; theme_builder_area=&#8221;post_content&#8221;][\/et_pb_image][et_pb_text _builder_version=&#8221;4.27.0&#8243; _module_preset=&#8221;default&#8221; hover_enabled=&#8221;0&#8243; global_colors_info=&#8221;{}&#8221; custom_padding=&#8221;|0px||7px||&#8221; width=&#8221;100%&#8221; custom_margin=&#8221;|-135px||||&#8221; sticky_enabled=&#8221;0&#8243; theme_builder_area=&#8221;post_content&#8221;]<\/p>\n<p style=\"text-align: center;\">EL JUEGO DE LA SOMBRA<\/p>\n<p style=\"text-align: center;\">Oleo sobre lienzo<\/p>\n<p style=\"text-align: center;\">1OOcm x 100cm<\/p>\n<p style=\"text-align: center;\">\n[\/et_pb_text][et_pb_image src=&#8221;https:\/\/anadelinasalamanca.com\/wp-content\/uploads\/2022\/09\/Pasion.jpg&#8221; _builder_version=&#8221;4.27.0&#8243; _module_preset=&#8221;default&#8221; title_text=&#8221;Pasi\u00f3n&#8221; hover_enabled=&#8221;0&#8243; sticky_enabled=&#8221;0&#8243; custom_margin=&#8221;-26px|-155px||||&#8221; min_height=&#8221;426.1px&#8221; custom_padding=&#8221;22px|153px|0px|16px||&#8221; theme_builder_area=&#8221;post_content&#8221;][\/et_pb_image][et_pb_text _builder_version=&#8221;4.27.0&#8243; _module_preset=&#8221;default&#8221; hover_enabled=&#8221;0&#8243; global_colors_info=&#8221;{}&#8221; custom_padding=&#8221;|0px||7px||&#8221; width=&#8221;100%&#8221; custom_margin=&#8221;|-135px||||&#8221; sticky_enabled=&#8221;0&#8243; theme_builder_area=&#8221;post_content&#8221;]<\/p>\n<p style=\"text-align: center;\">PASI\u00d3N<\/p>\n<p style=\"text-align: center;\">Oleo sobre lienzo<\/p>\n<p style=\"text-align: center;\">120cm x 80cm<\/p>\n<p style=\"text-align: center;\">\n[\/et_pb_text][et_pb_text _builder_version=&#8221;4.16&#8243; text_font=&#8221;||||||||&#8221; header_font=&#8221;||||||||&#8221; header_2_font=&#8221;Prata|500|||||||&#8221; header_2_font_size=&#8221;56px&#8221; header_2_line_height=&#8221;1.3em&#8221; header_3_font=&#8221;|700||on|||||&#8221; header_3_text_color=&#8221;rgba(0,0,0,0.35)&#8221; header_3_font_size=&#8221;12px&#8221; header_3_letter_spacing=&#8221;5px&#8221; header_3_line_height=&#8221;2em&#8221; transform_translate_linked=&#8221;off&#8221; text_orientation=&#8221;center&#8221; max_width=&#8221;700px&#8221; max_width_tablet=&#8221;70%&#8221; max_width_last_edited=&#8221;off|phone&#8221; module_alignment=&#8221;center&#8221; hover_enabled=&#8221;0&#8243; header_2_font_size_tablet=&#8221;40px&#8221; header_2_font_size_phone=&#8221;26px&#8221; header_2_font_size_last_edited=&#8221;on|phone&#8221; header_3_font_size_phone=&#8221;10px&#8221; header_3_font_size_last_edited=&#8221;off|desktop&#8221; module_alignment_last_edited=&#8221;off|desktop&#8221; text_text_align=&#8221;center&#8221; global_colors_info=&#8221;{}&#8221; theme_builder_area=&#8221;post_content&#8221; sticky_enabled=&#8221;0&#8243;]<\/p>\n<h3><\/h3>\n<h2>Formaci\u00f3n Art\u00edstica<\/h2>\n<p>[\/et_pb_text][\/et_pb_column][\/et_pb_row][et_pb_row _builder_version=&#8221;4.27.0&#8243; _module_preset=&#8221;default&#8221; theme_builder_area=&#8221;post_content&#8221;][et_pb_column _builder_version=&#8221;4.27.0&#8243; _module_preset=&#8221;default&#8221; type=&#8221;4_4&#8243; theme_builder_area=&#8221;post_content&#8221;][et_pb_text _builder_version=&#8221;4.27.0&#8243; _module_preset=&#8221;default&#8221; theme_builder_area=&#8221;post_content&#8221; hover_enabled=&#8221;0&#8243; sticky_enabled=&#8221;0&#8243; width=&#8221;100%&#8221; custom_margin=&#8221;-70px|||||&#8221;]<\/p>\n<ul>\n<li>Academia de Arte Contrapposto &#8211; Maestro Andr\u00e9s Alarc\u00f3n 2020-2022<\/li>\n<li>Liga de Artistas de Bogot\u00e1 &#8211; Pintura Cl\u00e1sica, Maestro Carlos Aguirre 2018-2019<\/li>\n<li>Academia de Artes F\u00e1bula \u2013 Figura Humana\/\u00d3leo, Maestro Alfredo Araujo Santoyo &#8211; 2016<\/li>\n<li>Academia de Artes Guerrero \u2013 Pintura al \u00d3leo 2008<\/li>\n<li>La Buhardilla Escuela de Pintura \u2013 Pintura al \u00d3leo, 2003 \u2013 2005<\/li>\n<li>Escuela de Arte Bernilli \u2013 Dibujo Art\u00edstico \/Pintura al \u00d3leo 2001<\/li>\n<\/ul>\n<p>[\/et_pb_text][\/et_pb_column][\/et_pb_row][et_pb_row column_structure=&#8221;1_4,1_4,1_4,1_4&#8243; use_custom_gutter=&#8221;on&#8221; gutter_width=&#8221;2&#8243; _builder_version=&#8221;4.16&#8243; border_width_top=&#8221;2px&#8221; global_colors_info=&#8221;{}&#8221; theme_builder_area=&#8221;post_content&#8221;][et_pb_column type=&#8221;1_4&#8243; _builder_version=&#8221;4.16&#8243; custom_padding=&#8221;|||&#8221; global_colors_info=&#8221;{}&#8221; custom_padding__hover=&#8221;|||&#8221; theme_builder_area=&#8221;post_content&#8221;][et_pb_text _builder_version=&#8221;4.16&#8243; text_font=&#8221;||||||||&#8221; text_font_size=&#8221;12px&#8221; text_line_height=&#8221;2em&#8221; link_font=&#8221;||||on||||&#8221; link_text_color=&#8221;#666666&#8243; header_font=&#8221;||||||||&#8221; header_text_align=&#8221;left&#8221; header_3_font=&#8221;|700||on|||||&#8221; header_3_font_size=&#8221;12px&#8221; header_3_letter_spacing=&#8221;5px&#8221; header_3_line_height=&#8221;1.8em&#8221; max_width_tablet=&#8221;70%&#8221; max_width_last_edited=&#8221;off|phone&#8221; header_3_font_size_tablet=&#8221;&#8221; header_3_font_size_phone=&#8221;&#8221; header_3_font_size_last_edited=&#8221;on|desktop&#8221; locked=&#8221;off&#8221; global_colors_info=&#8221;{}&#8221; theme_builder_area=&#8221;post_content&#8221;]<\/p>\n<h3>Contacto<\/h3>\n<p>info@anadelinasalamanca.co<br \/>+571 3223657725<\/p>\n<p>[\/et_pb_text][\/et_pb_column][et_pb_column type=&#8221;1_4&#8243; _builder_version=&#8221;4.16&#8243; custom_padding=&#8221;|||&#8221; global_colors_info=&#8221;{}&#8221; custom_padding__hover=&#8221;|||&#8221; theme_builder_area=&#8221;post_content&#8221;][et_pb_text _builder_version=&#8221;4.16&#8243; text_font=&#8221;||||||||&#8221; text_font_size=&#8221;12px&#8221; text_line_height=&#8221;2em&#8221; link_font=&#8221;||||on||||&#8221; link_text_color=&#8221;#666666&#8243; header_font=&#8221;||||||||&#8221; header_text_align=&#8221;left&#8221; header_2_font=&#8221;||||||||&#8221; header_3_font=&#8221;|700||on|||||&#8221; header_3_font_size=&#8221;12px&#8221; header_3_letter_spacing=&#8221;5px&#8221; header_3_line_height=&#8221;1.8em&#8221; max_width_tablet=&#8221;70%&#8221; max_width_last_edited=&#8221;off|phone&#8221; header_3_font_size_tablet=&#8221;&#8221; header_3_font_size_phone=&#8221;&#8221; header_3_font_size_last_edited=&#8221;on|desktop&#8221; locked=&#8221;off&#8221; global_colors_info=&#8221;{}&#8221; theme_builder_area=&#8221;post_content&#8221;]<\/p>\n<h3>Sigueme<\/h3>\n<p>[\/et_pb_text][et_pb_social_media_follow _builder_version=&#8221;4.18.0&#8243; _module_preset=&#8221;default&#8221; global_colors_info=&#8221;{}&#8221; theme_builder_area=&#8221;post_content&#8221;][et_pb_social_media_follow_network social_network=&#8221;instagram&#8221; url=&#8221;http:\/\/@anadelinasalamanca&#8221; _builder_version=&#8221;4.18.0&#8243; _module_preset=&#8221;default&#8221; background_color=&#8221;#ea2c59&#8243; global_colors_info=&#8221;{}&#8221; follow_button=&#8221;off&#8221; url_new_window=&#8221;on&#8221; theme_builder_area=&#8221;post_content&#8221;]instagram[\/et_pb_social_media_follow_network][\/et_pb_social_media_follow][\/et_pb_column][et_pb_column type=&#8221;1_4&#8243; _builder_version=&#8221;4.16&#8243; custom_padding=&#8221;|||&#8221; global_colors_info=&#8221;{}&#8221; custom_padding__hover=&#8221;|||&#8221; theme_builder_area=&#8221;post_content&#8221;][\/et_pb_column][et_pb_column type=&#8221;1_4&#8243; _builder_version=&#8221;4.16&#8243; custom_padding=&#8221;|||&#8221; global_colors_info=&#8221;{}&#8221; custom_padding__hover=&#8221;|||&#8221; theme_builder_area=&#8221;post_content&#8221;][\/et_pb_column][\/et_pb_row][\/et_pb_section]<\/p>\n","protected":false},"excerpt":{"rendered":"<p>Anadelina Salamanca Desde que tengo memoria, siempre&#8230;<\/p>\n","protected":false},"author":1,"featured_media":0,"parent":0,"menu_order":0,"comment_status":"closed","ping_status":"closed","template":"blank","meta":{"_et_pb_use_builder":"on","_et_pb_old_content":"","_et_gb_content_width":"","om_disable_all_campaigns":false,"_monsterinsights_skip_tracking":false,"_monsterinsights_sitenote_active":false,"_monsterinsights_sitenote_note":"","_monsterinsights_sitenote_category":0},"aioseo_notices":[],"_links":{"self":[{"href":"https:\/\/anadelinasalamanca.com\/index.php\/wp-json\/wp\/v2\/pages\/107"}],"collection":[{"href":"https:\/\/anadelinasalamanca.com\/index.php\/wp-json\/wp\/v2\/pages"}],"about":[{"href":"https:\/\/anadelinasalamanca.com\/index.php\/wp-json\/wp\/v2\/types\/page"}],"author":[{"embeddable":true,"href":"https:\/\/anadelinasalamanca.com\/index.php\/wp-json\/wp\/v2\/users\/1"}],"replies":[{"embeddable":true,"href":"https:\/\/anadelinasalamanca.com\/index.php\/wp-json\/wp\/v2\/comments?post=107"}],"version-history":[{"count":37,"href":"https:\/\/anadelinasalamanca.com\/index.php\/wp-json\/wp\/v2\/pages\/107\/revisions"}],"predecessor-version":[{"id":234,"href":"https:\/\/anadelinasalamanca.com\/index.php\/wp-json\/wp\/v2\/pages\/107\/revisions\/234"}],"wp:attachment":[{"href":"https:\/\/anadelinasalamanca.com\/index.php\/wp-json\/wp\/v2\/media?parent=107"}],"curies":[{"name":"wp","href":"https:\/\/api.w.org\/{rel}","templated":true}]}}